{"id":170,"date":"2023-09-24T15:06:35","date_gmt":"2023-09-24T13:06:35","guid":{"rendered":"https:\/\/kguillemindesfarges.fr\/?page_id=170"},"modified":"2024-04-03T09:15:01","modified_gmt":"2024-04-03T07:15:01","slug":"devoirs","status":"publish","type":"page","link":"https:\/\/kguillemindesfarges.fr\/index.php\/floirac\/formation-musicale\/2023-2024\/devoirs\/","title":{"rendered":"Devoirs"},"content":{"rendered":"\n<h1 class=\"wp-block-heading\"><\/h1>\n\n\n\n<p id=\"block-901af00c-cf0f-4085-bd98-28c90a01d8ab\"><strong>Mercredi 10 avril<\/strong><\/p>\n\n\n\n<p>N (notes) : jeu des 5 notes en montant et en descendant ; fiche 3 bis r\u00e9vision en entier : lire les notes dans sa cl\u00e9 et en rythme<\/p>\n\n\n\n<p>R (rythmes) : fiche 3 bis r\u00e9vision en entier ; fiche ternaire<\/p>\n\n\n\n<p>o (orchestre) : pratiques n\u00b04 et 5<\/p>\n\n\n\n<p><strong> Mercredi 3 avril<\/strong><\/p>\n\n\n\n<p><p>N (notes) : jeu des 5 notes en montant et en descendant ; fiche 3 bis exercice 12 : lire les notes dans sa cl\u00e9 et en rythme<\/p><p>R (rythmes) : fiche 3 bis exercices 10 et 11 ; exercice ternaire<\/p><p>o (orchestre) : pratiques n\u00b04 et 5<\/p><strong>Mercredi 20 mars<\/strong><\/p>\n\n\n\n<p>N (notes) : jeu des 5 notes en montant et en descendant ; fiche 3 bis exercice 12 : lire les notes dans sa cl\u00e9 et en rythme<\/p>\n\n\n\n<p>R (rythmes) : fiche 3 bis exercices 10 et 11<\/p>\n\n\n\n<p>o (orchestre) : pratiques n\u00b04 et 5<\/p>\n\n\n\n<p><\/p>\n\n\n\n<p>           <p><strong>Mercredi 13 mars<\/strong><\/p><p>N (notes) :   fiche 3 bis de R exercice 12, lire les notes dans sa cl\u00e9<\/p><\/p>\n\n\n\n<p>R (rythmes) : fiche 3 bis exercice 8 et 9<p>O (orchestre) : pratique instrumentale n\u00b04 et 5<\/p><strong> <\/strong><strong>Mercredi 6 mars<\/strong><\/p>\n\n\n\n<p>Bonnes vacances !<\/p>\n\n\n\n<p><\/p>\n\n\n\n<p>            <p><strong>Mercredi 14 f\u00e9vrier<\/strong><\/p><\/p>\n\n\n\n<p><p>N (notes) : fiche 1 (sol, fa ou ut)  devoirs individuels<\/p><\/p>\n\n\n\n<p><p>R (rythme) : ex 3 fiche \u00ab\u00a0note pulsations et barres de mesure\u00a0\u00bb <\/p><p>O (orchestre) : pratique instrumentale n\u00b04<\/p><\/p>\n\n\n\n<p><p>C(chant) le rock des casseroles, Helen Keller, Mandela + carnaval<\/p><strong>Mercredi 07 f\u00e9vrier<\/strong><\/p>\n\n\n\n<p>N (notes) : fiche 1 (sol, fa ou ut)  devoirs individuels<\/p>\n\n\n\n<p>R (rythme) : fiche 3 r\u00e9vision<\/p>\n\n\n\n<p>O (orchestre) : pratique instrumentale n\u00b04<\/p>\n\n\n\n<p>C(chant) le rock des casseroles, Helen Keller, Mandela + carnaval<\/p>\n\n\n\n<p><strong>Mercredi 31 janvier<\/strong><\/p>\n\n\n\n<p>N (notes) : fiche 1 (sol, fa ou ut)  devoirs individuels<\/p>\n\n\n\n<p>R (rythme) : fiche 3 lignes 6, 8<\/p>\n\n\n\n<p>O (orchestre) : pratique instrumentale n\u00b04<\/p>\n\n\n\n<p>C(chant) le rock des casseroles, Helen Keller, Mandela + carnaval<\/p>\n\n\n\n<p>              <p><strong>Mercredi 24 janvier<\/strong><\/p><p>N (notes) : fiche 1 (sol, fa ou ut)  devoirs individuels<\/p><p>R (rythme) : fiche 3 lignes 3, 4<\/p><p>O (orchestre) : pratique instrumentale n\u00b03<\/p><p>C(chant) le rock des casseroles, Helen Keller, Mandela<\/p><strong>Mercredi 17 janvier<\/strong><\/p>\n\n\n\n<p>N (notes) : fiche 1 (sol, fa ou ut)  devoirs individuels<\/p>\n\n\n\n<p>R (rythme) : fiche 3 lignes 5, 7<\/p>\n\n\n\n<p>O (orchestre) : pratique instrumentale n\u00b03<\/p>\n\n\n\n<p>C(chant) le rock des casseroles, Helen Keller, Mandela<\/p>\n\n\n\n<p>           <p><strong>Mercredi 10 janvier : <\/strong><\/p><\/p>\n\n\n\n<p><strong>BONNES FETES ET BONNE ANNEE 2024 !<\/strong><\/p>\n\n\n\n<p><p>C(chant) le rock des casseroles, Helen Keller, Mandela<\/p><\/p>\n\n\n\n<p><strong>Mercredi 20 d\u00e9cembre<\/strong><\/p>\n\n\n\n<p>N (notes) : fiche 1 (sol, fa ou ut)  devoirs individuels<\/p>\n\n\n\n<p>R (rythme) : fiche 3 lignes 1, 2<\/p>\n\n\n\n<p>O (orchestre) : pratique instrumentale n\u00b03<\/p>\n\n\n\n<p>C(chant) le rock des casseroles, Helen Keller, Mandela<\/p>\n\n\n\n<p><strong>Mercredi 13 d\u00e9cembre<\/strong><\/p>\n\n\n\n<p>N (notes) : fiche 1 (sol, fa ou ut)  devoirs individuels<\/p>\n\n\n\n<p>R (rythme) : fiche 2 lignes 7, 8<\/p>\n\n\n\n<p>O (orchestre) : pratique instrumentale n\u00b03<\/p>\n\n\n\n<p>C(chant) le rock des casseroles, Helen Keller, Mandela<\/p>\n\n\n\n<p>              <p><strong>Mercredi 06 d\u00e9cembre<\/strong><\/p><p>N (notes) : fiche 1 (sol, fa ou ut)  devoirs individuels<\/p><p>R (rythme) : fiche 2 lignes 5, 6<\/p><p>O (orchestre) : pratique instrumentale n\u00b03<\/p><p>C(chant) le rock des casseroles, Helen Keller, Mandela<\/p><\/p>\n\n\n\n<p><strong>Mercredi 29 novembre<\/strong><\/p>\n\n\n\n<p>N (notes) : fiche 1 (sol, fa ou ut)  devoirs individuels<\/p>\n\n\n\n<p>R (rythme) : fiche 2 lignes 3, 4<\/p>\n\n\n\n<p>O (orchestre) : pratique instrumentale n\u00b03<\/p>\n\n\n\n<p>C(chant) le rock des casseroles, Helen Keller, Mandela<\/p>\n\n\n\n<p>              <p><strong>Mercredi 22 novembre<\/strong><\/p><p>N (notes) : fiche 1 (sol, fa ou ut)  devoirs individuels<\/p><p>R (rythme) : fiche 2 lignes 1, 2<\/p><p>O (orchestre) : pratique instrumentale n\u00b03<\/p><p>C(chant) le rock des casseroles, Helen Keller, Mandela<\/p><\/p>\n\n\n\n<p><strong>Mercredi 15 novembre<\/strong><\/p>\n\n\n\n<p>N (notes) : fiche 1 (sol, fa ou ut)  devoirs individuels<\/p>\n\n\n\n<p>R (rythme) : fiche 1 lignes 4, 5, 6<\/p>\n\n\n\n<p>O (orchestre) : pratique instrumentale n\u00b02<\/p>\n\n\n\n<p>C(chant) le rock des casseroles, Helen Keller, Mandela<\/p>\n\n\n\n<p><\/p>\n\n\n\n<p>           <p><strong>Mercredi 18 octobre :<\/strong> Organisation du classeur, nommer les intercalaires<\/p><p>N (notes) : fiche 1 (sol, fa ou ut) lignes 1 et 2 ; savoir l&rsquo;ordre par coeur en montant et en descendant<\/p><p>R (rythme) : lignes 4, 5<\/p><p>O (orchestre) : pratique instrumentale n\u00b02<\/p><strong>C<\/strong> le rock des casseroles<\/p>\n\n\n\n<p><strong>Mercredi 11 octobre<\/strong><\/p>\n\n\n\n<p>N (notes) : fiche 1 (sol, fa ou ut) lignes 1 et 2 ; savoir l&rsquo;ordre par coeur en montant et en descendant<\/p>\n\n\n\n<p>R (rythme) : r\u00e9vision lignes 1, 2, 3, 6, 7, 8<\/p>\n\n\n\n<p>O (orchestre) : pratique instrumentale n\u00b02<\/p>\n","protected":false},"excerpt":{"rendered":"<p>Mercredi 10 avril N (notes) : jeu des 5 notes en montant et en descendant ; fiche 3 bis r\u00e9vision en entier : lire les notes dans sa cl\u00e9 et en rythme R (rythmes) : fiche 3 bis r\u00e9vision en &hellip; <a href=\"https:\/\/kguillemindesfarges.fr\/index.php\/floirac\/formation-musicale\/2023-2024\/devoirs\/\">Continuer la lecture <span class=\"meta-nav\">&rarr;<\/span><\/a><\/p>\n","protected":false},"author":1,"featured_media":0,"parent":165,"menu_order":1,"comment_status":"closed","ping_status":"closed","template":"","meta":{"footnotes":""},"class_list":["post-170","page","type-page","status-publish","hentry"],"_links":{"self":[{"href":"https:\/\/kguillemindesfarges.fr\/index.php\/wp-json\/wp\/v2\/pages\/170","targetHints":{"allow":["GET"]}}],"collection":[{"href":"https:\/\/kguillemindesfarges.fr\/index.php\/wp-json\/wp\/v2\/pages"}],"about":[{"href":"https:\/\/kguillemindesfarges.fr\/index.php\/wp-json\/wp\/v2\/types\/page"}],"author":[{"embeddable":true,"href":"https:\/\/kguillemindesfarges.fr\/index.php\/wp-json\/wp\/v2\/users\/1"}],"replies":[{"embeddable":true,"href":"https:\/\/kguillemindesfarges.fr\/index.php\/wp-json\/wp\/v2\/comments?post=170"}],"version-history":[{"count":24,"href":"https:\/\/kguillemindesfarges.fr\/index.php\/wp-json\/wp\/v2\/pages\/170\/revisions"}],"predecessor-version":[{"id":281,"href":"https:\/\/kguillemindesfarges.fr\/index.php\/wp-json\/wp\/v2\/pages\/170\/revisions\/281"}],"up":[{"embeddable":true,"href":"https:\/\/kguillemindesfarges.fr\/index.php\/wp-json\/wp\/v2\/pages\/165"}],"wp:attachment":[{"href":"https:\/\/kguillemindesfarges.fr\/index.php\/wp-json\/wp\/v2\/media?parent=170"}],"curies":[{"name":"wp","href":"https:\/\/api.w.org\/{rel}","templated":true}]}}