{"id":236,"date":"2024-08-22T16:02:45","date_gmt":"2024-08-22T14:02:45","guid":{"rendered":"https:\/\/kguillemindesfarges.fr\/?page_id=236"},"modified":"2025-05-28T08:43:59","modified_gmt":"2025-05-28T06:43:59","slug":"devoirs","status":"publish","type":"page","link":"https:\/\/kguillemindesfarges.fr\/index.php\/floirac\/formation-musicale\/2024-2025\/devoirs\/","title":{"rendered":"Devoirs"},"content":{"rendered":"\n<p><strong>mercredi 28 mai<\/strong> <strong>et 4 juin<\/strong><\/p>\n\n\n\n<p><strong>Groupe 1 :<\/strong><\/p>\n\n\n\n<ul class=\"wp-block-list\">\n<li>N : travail individuel ; lecture de notes du menuet ; th\u00e9orie ;<\/li>\n\n\n\n<li>R : fiche 5 lignes 3 et 4 ; exercice 3 ternaire lignes 5, 6, 7 et 8<\/li>\n\n\n\n<li>C : Mistral gagnant<\/li>\n\n\n\n<li>O : Menuet<\/li>\n<\/ul>\n\n\n\n<p><strong>Groupe 2 :<\/strong><\/p>\n\n\n\n<ul class=\"wp-block-list\">\n<li>N : travail individuel ; lecture de notes du menuet ; th\u00e9orie ;<\/li>\n\n\n\n<li>R : exercice 7 ternaire r\u00e9vision ; exercice 9 B<\/li>\n\n\n\n<li>C : Mistral gagnant<\/li>\n\n\n\n<li>O : Menuet<\/li>\n<\/ul>\n\n\n\n<p><\/p>\n\n\n\n<p><strong>mercredi 21 mai<\/strong> <strong> idem 14 mai, sauf chant<\/strong><\/p>\n\n\n\n<p><strong>Groupe 1 :<\/strong><\/p>\n\n\n\n<ul class=\"wp-block-list\">\n<li>N : travail individuel ; lecture de notes du menuet ; <\/li>\n\n\n\n<li>R : fiche 5 lignes 1 et 2 ; exercice 3 ternaire lignes A et B<\/li>\n\n\n\n<li>C : Mistral gagnant<\/li>\n\n\n\n<li>O : Menuet<\/li>\n<\/ul>\n\n\n\n<p><strong>Groupe 2 :<\/strong><\/p>\n\n\n\n<ul class=\"wp-block-list\">\n<li>N : travail individuel ; lecture de notes du menuet ; <\/li>\n\n\n\n<li>R : exercice 7 ternaire r\u00e9vision ; exercice 9 A<\/li>\n\n\n\n<li>C : Mistral gagnant<\/li>\n\n\n\n<li>O : Menuet<\/li>\n<\/ul>\n\n\n\n<p><strong>mercredi 14 mai<\/strong> <\/p>\n\n\n\n<p><strong>Groupe 1 :<\/strong><\/p>\n\n\n\n<ul class=\"wp-block-list\">\n<li>N : travail individuel ; lecture de notes du menuet ; th\u00e9orie ;<\/li>\n\n\n\n<li>R : fiche 5 lignes 1 et 2 ; exercice 3 ternaire lignes A et B<\/li>\n\n\n\n<li>C : Heureux qui comme Ulysse, the champions<\/li>\n\n\n\n<li>O : Menuet<\/li>\n<\/ul>\n\n\n\n<p><strong>Groupe 2 :<\/strong><\/p>\n\n\n\n<ul class=\"wp-block-list\">\n<li>N : travail individuel ; lecture de notes du menuet ; th\u00e9orie ;<\/li>\n\n\n\n<li>R : exercice 7 ternaire r\u00e9vision ; exercice 9 A<\/li>\n\n\n\n<li>C : Heureux qui comme Ulysse, the champions<\/li>\n\n\n\n<li>O : Menuet<\/li>\n<\/ul>\n\n\n\n<p><\/p>\n\n\n\n<p><\/p>\n\n\n\n<p><strong>mercredi 16 avril<\/strong><\/p>\n\n\n\n<p><strong>Groupe 1 :<\/strong><\/p>\n\n\n\n<ul class=\"wp-block-list\">\n<li>N : travail individuel ; fiche 2 r\u00e9vision ; ordonnances ex 2;<\/li>\n\n\n\n<li>R : fiche 5 lignes 1 et 2 ; exercice 3 ternaire lignes A et B<\/li>\n\n\n\n<li>C : Heureux qui comme Ulysse, the champions<\/li>\n<\/ul>\n\n\n\n<p><strong>Groupe 2 :<\/strong><\/p>\n\n\n\n<ul class=\"wp-block-list\">\n<li>N : travail individuel ; fiche 2 r\u00e9vision ; ordonnances ex 2;<\/li>\n\n\n\n<li>R : exercice 7 ternaire r\u00e9vision ; exercice 9 A<\/li>\n\n\n\n<li>C : Heureux qui comme Ulysse, the champions<\/li>\n<\/ul>\n\n\n\n<p><\/p>\n\n\n\n<p><strong>mercredi 09 avril<\/strong><\/p>\n\n\n\n<p><strong>Groupe 1 :<\/strong><\/p>\n\n\n\n<ul class=\"wp-block-list\">\n<li>N : travail individuel ; fiche 2 r\u00e9vision ; ordonnances ex 2;<\/li>\n\n\n\n<li>R : fiche 4 r\u00e9vision ; exercice 3 ternaire lignes 3 et 4<\/li>\n\n\n\n<li>C : Heureux qui comme Ulysse, the champions<\/li>\n<\/ul>\n\n\n\n<p><strong>Groupe 2 :<\/strong><\/p>\n\n\n\n<ul class=\"wp-block-list\">\n<li>N : travail individuel ; fiche 2 r\u00e9vision ; ordonnances ex 2;<\/li>\n\n\n\n<li>R : exercice 7 ternaire lignes 4, 5 et 6<\/li>\n\n\n\n<li>C : Heureux qui comme Ulysse, the champions<\/li>\n<\/ul>\n\n\n\n<p><\/p>\n\n\n\n<p><strong>mercredi 2 avril<\/strong><\/p>\n\n\n\n<p><strong>Groupe 1 :<\/strong><\/p>\n\n\n\n<ul class=\"wp-block-list\">\n<li>N : travail individuel ; fiche 2 lignes 7 et 8  ; ordonnances ex 2;<\/li>\n\n\n\n<li>R : fiche 4  lignes 7 et 8 ; exercice 3 ternaire lignes 1 et 2<\/li>\n\n\n\n<li>C : Heureux qui comme Ulysse, the champions<\/li>\n<\/ul>\n\n\n\n<p><strong>Groupe 2 :<\/strong><\/p>\n\n\n\n<ul class=\"wp-block-list\">\n<li>N : travail individuel ; fiche 2 lignes 7 et 8 ; ordonnances ex 2;<\/li>\n\n\n\n<li>R : exercice 7 ternaire lignes 1, 2 et 3<\/li>\n\n\n\n<li>C : Heureux qui comme Ulysse, the champions<\/li>\n<\/ul>\n\n\n\n<p><\/p>\n\n\n\n<p><\/p>\n\n\n\n<p><\/p>\n\n\n\n<p><strong>mercredi 26 mars<\/strong><\/p>\n\n\n\n<p><strong>Groupe 1 :<\/strong><\/p>\n\n\n\n<ul class=\"wp-block-list\">\n<li>N : travail individuel ; fiche 2 lignes 5 et 6 ; ordonnances ex 2;<\/li>\n\n\n\n<li>R : fiche 4 lignes 5 et 6 ;<\/li>\n\n\n\n<li>C : Heureux qui comme Ulysse<\/li>\n<\/ul>\n\n\n\n<p><strong>Groupe 2 :<\/strong><\/p>\n\n\n\n<ul class=\"wp-block-list\">\n<li>N : travail individuel ; fiche 2 lignes 5 et 6 ; ordonnances ex 2;<\/li>\n\n\n\n<li>R : fiche 6 lignes r\u00e9vision ; exercice 7B<\/li>\n\n\n\n<li>C : Heureux qui comme Ulysse<\/li>\n<\/ul>\n\n\n\n<p><\/p>\n\n\n\n<p><\/p>\n\n\n\n<p><strong>mercredi 19 mars<\/strong><\/p>\n\n\n\n<p><strong>Groupe 1 :<\/strong><\/p>\n\n\n\n<ul class=\"wp-block-list\">\n<li>N : travail individuel ; fiche 2 lignes 5 et 6 ; ordonnances ex 2;<\/li>\n\n\n\n<li>R : fiche 4 lignes 1, 2, 3 et 4 ;<\/li>\n\n\n\n<li>C : Heureux qui comme Ulysse<\/li>\n<\/ul>\n\n\n\n<p><strong>Groupe 2 :<\/strong><\/p>\n\n\n\n<ul class=\"wp-block-list\">\n<li>N : travail individuel ; fiche 2 lignes 5 et 6 ; ordonnances ex 2;<\/li>\n\n\n\n<li>R : fiche 6 lignes 9, 10 et 11 ; exercice 7B<\/li>\n\n\n\n<li>C : Heureux qui comme Ulysse<\/li>\n<\/ul>\n\n\n\n<p><\/p>\n\n\n\n<p><\/p>\n\n\n\n<p><strong>mercredi 29 janvier<\/strong><\/p>\n\n\n\n<p><strong>Groupe 1 :<\/strong><\/p>\n\n\n\n<ul class=\"wp-block-list\">\n<li>N : travail individuel ; ordonnances ;<\/li>\n\n\n\n<li>R : fiche 3 lignes 5 et 6 ;<\/li>\n\n\n\n<li>O : M\u00e9trorythmie ; pratique 4<\/li>\n\n\n\n<li>C : Makotound\u00e9 ; Heureux qui comme Ulysse<\/li>\n<\/ul>\n\n\n\n<p><strong>Groupe 2 :<\/strong><\/p>\n\n\n\n<ul class=\"wp-block-list\">\n<li>N : travail individuel ; ordonnances ;<\/li>\n\n\n\n<li>R : fiche 6 lignes 5 et 6 ; exercice 6 n\u00b02 et 3<\/li>\n\n\n\n<li>O : M\u00e9trorythmie ; pratique 4<\/li>\n\n\n\n<li>C : Makotound\u00e9 ; Heureux qui comme Ulysse<\/li>\n<\/ul>\n\n\n\n<p><\/p>\n\n\n\n<p><strong>mercredi 22  janvier<\/strong><\/p>\n\n\n\n<p><strong>Groupe 1 :<\/strong><\/p>\n\n\n\n<ul class=\"wp-block-list\">\n<li>N : travail individuel ; ordonnances ;<\/li>\n\n\n\n<li>R : fiche 3 lignes 3 et 4 ;<\/li>\n\n\n\n<li>O : M\u00e9trorythmie ; pratique 4<\/li>\n\n\n\n<li>C : Makotound\u00e9 <\/li>\n<\/ul>\n\n\n\n<p><strong>Groupe 2 :<\/strong><\/p>\n\n\n\n<ul class=\"wp-block-list\">\n<li>N : travail individuel ; ordonnances ;<\/li>\n\n\n\n<li>R : fiche 6 lignes 3 et 4 ;  exercice 6 n\u00b02 et 3<\/li>\n\n\n\n<li>O : M\u00e9trorythmie ; pratique 4<\/li>\n\n\n\n<li>C : Makotound\u00e9 <\/li>\n<\/ul>\n\n\n\n<p><strong>mercredi 15  janvier<\/strong><\/p>\n\n\n\n<p><strong>Groupe 1 :<\/strong><\/p>\n\n\n\n<ul class=\"wp-block-list\">\n<li>N : travail individuel ; ordonnances ;<\/li>\n\n\n\n<li>R : fiche 3 lignes 1 et 2 ;<\/li>\n\n\n\n<li>O : M\u00e9trorythmie ; pratique 3 et 4<\/li>\n\n\n\n<li>C : Makotound\u00e9 <\/li>\n<\/ul>\n\n\n\n<p><strong>Groupe 2 :<\/strong><\/p>\n\n\n\n<ul class=\"wp-block-list\">\n<li>N : travail individuel ; ordonnances ;<\/li>\n\n\n\n<li>R : fiche 6 lignes 1 et 2 ; exercice 6 n\u00b02 <\/li>\n\n\n\n<li>O : M\u00e9trorythmie ; pratique 3 et 4<\/li>\n\n\n\n<li>C : Makotound\u00e9 <\/li>\n<\/ul>\n\n\n\n<p><\/p>\n\n\n\n<p><strong>mercredi 08 janvier<\/strong><\/p>\n\n\n\n<p>Passez de tr\u00e8s bonnes vacances !<\/p>\n\n\n\n<p>Je vous souhaite de joyeuses f\u00eates et une excellente nouvelle ann\u00e9e !<\/p>\n\n\n\n<p><strong>mercredi 18 d\u00e9cembre<\/strong><\/p>\n\n\n\n<p><strong>Groupe 1 :<\/strong><\/p>\n\n\n\n<ul class=\"wp-block-list\">\n<li>N : fiches 1 en entier travail individuel ; ordonnances ;<\/li>\n\n\n\n<li>T (th\u00e9orie) : lire de la page 1 \u00e0 8<\/li>\n\n\n\n<li>R : fiche 3 lignes 1 et 2 ;<\/li>\n\n\n\n<li>O : M\u00e9trorythmie ; pratique 3<\/li>\n\n\n\n<li>C : Makotound\u00e9<\/li>\n<\/ul>\n\n\n\n<p><strong>Groupe 2 :<\/strong><\/p>\n\n\n\n<ul class=\"wp-block-list\">\n<li>N : fiche 1 et 1 bis en entier travail individuel ; ordonnances ; <\/li>\n\n\n\n<li>T (th\u00e9orie) : lire de la page 1 \u00e0 8<\/li>\n\n\n\n<li>R : fiche 6 lignes 1 et 2 ; exercice 6 partie 2<\/li>\n\n\n\n<li>O : M\u00e9trorythmie ; pratique 3<\/li>\n\n\n\n<li>C : Makotound\u00e9<\/li>\n<\/ul>\n\n\n\n<p><\/p>\n\n\n\n<p><strong>mercredi 11 d\u00e9cembre<\/strong><\/p>\n\n\n\n<p><strong>Groupe 1 :<\/strong><\/p>\n\n\n\n<ul class=\"wp-block-list\">\n<li>N : fiches 1 en entier ; ordonnances ; <\/li>\n\n\n\n<li>R : fiche 2 lignes 5 et 8 ;<\/li>\n\n\n\n<li>O : M\u00e9trorythmie  <\/li>\n\n\n\n<li>C : Dubadap Da ; Makotound\u00e9<\/li>\n<\/ul>\n\n\n\n<p><strong>Groupe 2 :<\/strong><\/p>\n\n\n\n<ul class=\"wp-block-list\">\n<li>N : fiche 1 et 1 bis en entier ; ordonnances ; <\/li>\n\n\n\n<li>R : fiche 5 lignes  7 et 8 ; exercice 6 partie 1<\/li>\n\n\n\n<li>O : M\u00e9trorythmie<\/li>\n\n\n\n<li>C : Dubadap Da ; Makotound\u00e9<\/li>\n<\/ul>\n\n\n\n<p><strong>mercredi 04 d\u00e9cembre<\/strong><\/p>\n\n\n\n<p><strong>Groupe 1 :<\/strong><\/p>\n\n\n\n<ul class=\"wp-block-list\">\n<li>N : fiches 1 en entier ; ordonnances ; suite du TEST<\/li>\n\n\n\n<li>R : fiche 2 lignes 2, 3 et 4 ; <\/li>\n\n\n\n<li>O : M\u00e9trorythmie  <\/li>\n\n\n\n<li>C : Dubadap Da ; Makotound\u00e9<\/li>\n<\/ul>\n\n\n\n<p><strong>Groupe 2 :<\/strong><\/p>\n\n\n\n<ul class=\"wp-block-list\">\n<li>N : fiche 1 et 1 bis en entier ; ordonnances ; suite du TEST<\/li>\n\n\n\n<li>R : fiche 5 lignes 5, 6, 7 et 8<\/li>\n\n\n\n<li>O : M\u00e9trorythmie<\/li>\n\n\n\n<li>C : Dubadap Da ; Makotound\u00e9<\/li>\n<\/ul>\n\n\n\n<p><\/p>\n\n\n\n<p><strong>mercredi 27 novembre<\/strong><\/p>\n\n\n\n<p><strong>Groupe 1 :<\/strong><\/p>\n\n\n\n<ul class=\"wp-block-list\">\n<li>N : fiches 1 en entier ; ordonnances ; TEST<\/li>\n\n\n\n<li>R : fiche 1 lignes 6, 7 et 8 ; fiche 2 lignes 1<\/li>\n\n\n\n<li>O : M\u00e9trorythmie  <\/li>\n\n\n\n<li>C : Dubadap Da ; Makotound\u00e9<\/li>\n<\/ul>\n\n\n\n<p><strong>Groupe 2 :<\/strong><\/p>\n\n\n\n<ul class=\"wp-block-list\">\n<li>N : fiche 1 et 1 bis en entier ; ordonnances ; TEST<\/li>\n\n\n\n<li>R : fiche 5 lignes 1, 2, 3 et 4<\/li>\n\n\n\n<li>O : M\u00e9trorythmie<\/li>\n\n\n\n<li>C : Dubadap Da ; Makotound\u00e9<\/li>\n<\/ul>\n\n\n\n<p><\/p>\n\n\n\n<p><strong>mercredi 20 novembre<\/strong><\/p>\n\n\n\n<p><strong>Groupe 1 :<\/strong><\/p>\n\n\n\n<ul class=\"wp-block-list\">\n<li>N : fiche 1 lignes 3 et 4 ; ordonnances<\/li>\n\n\n\n<li>R : fiche 1 lignes 4 et 5<\/li>\n\n\n\n<li>O : M\u00e9trorythmie page 1 et 3<\/li>\n\n\n\n<li>C : Dubadap Da<\/li>\n<\/ul>\n\n\n\n<p><strong>Groupe 2 :<\/strong><\/p>\n\n\n\n<ul class=\"wp-block-list\">\n<li>N : fiche 1 et 1 bis lignes 5 et 6 ; ordonnances<\/li>\n\n\n\n<li>R :  exercice 4, 5 et Makotound\u00e9<\/li>\n\n\n\n<li>O : M\u00e9trorythmie en entier<\/li>\n\n\n\n<li>C : Dubadap Da<\/li>\n<\/ul>\n\n\n\n<p><strong>mercredi 13 novembre<\/strong><\/p>\n\n\n\n<p><strong>Groupe 1 :<\/strong><\/p>\n\n\n\n<ul class=\"wp-block-list\">\n<li>N : fiche 1 lignes 1 et 2<\/li>\n\n\n\n<li>R : fiche 1 lignes 1, 2 et 3<\/li>\n\n\n\n<li>O : M\u00e9trorythmie page 1 et 3<\/li>\n\n\n\n<li>C : Dubadap Da<\/li>\n<\/ul>\n\n\n\n<p><strong>Groupe 2 :<\/strong><\/p>\n\n\n\n<ul class=\"wp-block-list\">\n<li>N : fiche 1 et 1 bis lignes 1, 2, 3 et 4<\/li>\n\n\n\n<li>R :  exercice 4, 5 et Makotound\u00e9<\/li>\n\n\n\n<li>O : M\u00e9trorythmie en entier<\/li>\n\n\n\n<li>C : Dubadap Da<\/li>\n<\/ul>\n\n\n\n<p><strong>mercredi 16 octobre<\/strong><\/p>\n\n\n\n<p><strong>Groupe 1 :<\/strong><\/p>\n\n\n\n<ul class=\"wp-block-list\">\n<li>N : ordre des notes en montant et en descendant<\/li>\n\n\n\n<li>R : exercice 0<\/li>\n\n\n\n<li>O : M\u00e9trorythmie 1\u00e8re page<\/li>\n\n\n\n<li>C : Dubadap Da<\/li>\n<\/ul>\n\n\n\n<p><strong>Groupe 2 :<\/strong><\/p>\n\n\n\n<ul class=\"wp-block-list\">\n<li>N : fiche 1 2024 et fiche 1 bis 2024 : lignes 1 et 2<\/li>\n\n\n\n<li>R : exercice 4 et Makotound\u00e9<\/li>\n\n\n\n<li>O : M\u00e9trorythmie 1\u00e8re et 2\u00e8me page<\/li>\n\n\n\n<li>C : Dubadap Da<\/li>\n<\/ul>\n\n\n\n<p><strong>mercredi 09 octobre<\/strong><\/p>\n\n\n\n<p>Pour ceux qui ne l&rsquo;ont pas encore fait :<\/p>\n\n\n\n<ul class=\"wp-block-list\">\n<li>organiser les rubriques du classeur<\/li>\n<\/ul>\n\n\n\n<p><strong>Groupe 1 :<\/strong><\/p>\n\n\n\n<ul class=\"wp-block-list\">\n<li>R (rythme) exercice 0<\/li>\n\n\n\n<li>O (orchestre) m\u00e9trorythmie 1\u00e8re page<\/li>\n\n\n\n<li>C (chant) Dubadap Da<\/li>\n<\/ul>\n\n\n\n<p><strong>Groupe 2 :<\/strong><\/p>\n\n\n\n<ul class=\"wp-block-list\">\n<li>R exercice 4 et Matotound\u00e9<\/li>\n\n\n\n<li>O (orchestre) m\u00e9trorythmie 1\u00e8re page<\/li>\n\n\n\n<li>C (chant) Dubadap Da<\/li>\n<\/ul>\n\n\n\n<p><strong>mercredi 2 octobre :<\/strong><\/p>\n\n\n\n<p><strong>Groupe 1 :<\/strong><\/p>\n\n\n\n<ul class=\"wp-block-list\">\n<li>&#8211; Fournitures<\/li>\n\n\n\n<li>&#8211; Mail \u00e0 envoyer<\/li>\n\n\n\n<li>&#8211; Ajouter les rubriques au classeur<\/li>\n\n\n\n<li>&#8211; Fiches des premiers cours<\/li>\n\n\n\n<li>&#8211; R exercice 0<\/li>\n\n\n\n<li>&#8211; M\u00e9trorytmie<\/li>\n<\/ul>\n\n\n\n<p><strong>Groupe 2 :<\/strong><\/p>\n\n\n\n<ul class=\"wp-block-list\">\n<li>&#8211; R exercice 4<\/li>\n\n\n\n<li>&#8211; Matotound\u00e9<\/li>\n\n\n\n<li>&#8211; M\u00e9trorytmie<\/li>\n<\/ul>\n\n\n\n<p><strong>mercredi 25 septembre :<\/strong><\/p>\n\n\n\n<p><strong>Groupe 1 :<\/strong><\/p>\n\n\n\n<ul class=\"wp-block-list\">\n<li>&#8211; Fournitures<\/li>\n\n\n\n<li>&#8211; Mail \u00e0 envoyer<\/li>\n\n\n\n<li>&#8211; Fiches des premiers cours<\/li>\n\n\n\n<li>&#8211; M\u00e9trorytmie<\/li>\n<\/ul>\n\n\n\n<p><strong>Groupe 2 :<\/strong><\/p>\n\n\n\n<ul class=\"wp-block-list\">\n<li>&#8211; Fournitures<\/li>\n\n\n\n<li>&#8211; Mail \u00e0 envoyer<\/li>\n\n\n\n<li>&#8211; Matotound\u00e9<\/li>\n\n\n\n<li>&#8211; M\u00e9trorytmie<\/li>\n<\/ul>\n\n\n\n<p><\/p>\n","protected":false},"excerpt":{"rendered":"<p>mercredi 28 mai et 4 juin Groupe 1 : Groupe 2 : mercredi 21 mai idem 14 mai, sauf chant Groupe 1 : Groupe 2 : mercredi 14 mai Groupe 1 : Groupe 2 : mercredi 16 avril Groupe 1 &hellip; <a href=\"https:\/\/kguillemindesfarges.fr\/index.php\/floirac\/formation-musicale\/2024-2025\/devoirs\/\">Continuer la lecture <span class=\"meta-nav\">&rarr;<\/span><\/a><\/p>\n","protected":false},"author":1,"featured_media":0,"parent":232,"menu_order":-2,"comment_status":"closed","ping_status":"closed","template":"","meta":{"footnotes":""},"class_list":["post-236","page","type-page","status-publish","hentry"],"_links":{"self":[{"href":"https:\/\/kguillemindesfarges.fr\/index.php\/wp-json\/wp\/v2\/pages\/236","targetHints":{"allow":["GET"]}}],"collection":[{"href":"https:\/\/kguillemindesfarges.fr\/index.php\/wp-json\/wp\/v2\/pages"}],"about":[{"href":"https:\/\/kguillemindesfarges.fr\/index.php\/wp-json\/wp\/v2\/types\/page"}],"author":[{"embeddable":true,"href":"https:\/\/kguillemindesfarges.fr\/index.php\/wp-json\/wp\/v2\/users\/1"}],"replies":[{"embeddable":true,"href":"https:\/\/kguillemindesfarges.fr\/index.php\/wp-json\/wp\/v2\/comments?post=236"}],"version-history":[{"count":22,"href":"https:\/\/kguillemindesfarges.fr\/index.php\/wp-json\/wp\/v2\/pages\/236\/revisions"}],"predecessor-version":[{"id":297,"href":"https:\/\/kguillemindesfarges.fr\/index.php\/wp-json\/wp\/v2\/pages\/236\/revisions\/297"}],"up":[{"embeddable":true,"href":"https:\/\/kguillemindesfarges.fr\/index.php\/wp-json\/wp\/v2\/pages\/232"}],"wp:attachment":[{"href":"https:\/\/kguillemindesfarges.fr\/index.php\/wp-json\/wp\/v2\/media?parent=236"}],"curies":[{"name":"wp","href":"https:\/\/api.w.org\/{rel}","templated":true}]}}