{"id":238,"date":"2024-08-22T16:03:17","date_gmt":"2024-08-22T14:03:17","guid":{"rendered":"https:\/\/kguillemindesfarges.fr\/?page_id=238"},"modified":"2024-09-26T17:32:25","modified_gmt":"2024-09-26T15:32:25","slug":"eleves","status":"publish","type":"page","link":"https:\/\/kguillemindesfarges.fr\/index.php\/floirac\/formation-musicale\/2024-2025\/eleves\/","title":{"rendered":"\u00c9l\u00e8ves"},"content":{"rendered":"\n<p>Cours du mercredi de 16h15 \u00e0 17h15  <\/p>\n\n\n\n<p>Groupe 1 :<\/p>\n\n\n\n<p>Mahaut, M\u00e9lis, Gabriel, Charline, Lyne<\/p>\n\n\n\n<p>Groupe 2 :<\/p>\n\n\n\n<p>Lilou, Lison, Billie, Na\u00ebla, Wassim, Toan, Emma<\/p>\n\n\n\n<p> <\/p>\n","protected":false},"excerpt":{"rendered":"<p>Cours du mercredi de 16h15 \u00e0 17h15 Groupe 1 : Mahaut, M\u00e9lis, Gabriel, Charline, Lyne Groupe 2 : Lilou, Lison, Billie, Na\u00ebla, Wassim, Toan, Emma<\/p>\n","protected":false},"author":1,"featured_media":0,"parent":232,"menu_order":-3,"comment_status":"closed","ping_status":"closed","template":"","meta":{"footnotes":""},"class_list":["post-238","page","type-page","status-publish","hentry"],"_links":{"self":[{"href":"https:\/\/kguillemindesfarges.fr\/index.php\/wp-json\/wp\/v2\/pages\/238","targetHints":{"allow":["GET"]}}],"collection":[{"href":"https:\/\/kguillemindesfarges.fr\/index.php\/wp-json\/wp\/v2\/pages"}],"about":[{"href":"https:\/\/kguillemindesfarges.fr\/index.php\/wp-json\/wp\/v2\/types\/page"}],"author":[{"embeddable":true,"href":"https:\/\/kguillemindesfarges.fr\/index.php\/wp-json\/wp\/v2\/users\/1"}],"replies":[{"embeddable":true,"href":"https:\/\/kguillemindesfarges.fr\/index.php\/wp-json\/wp\/v2\/comments?post=238"}],"version-history":[{"count":3,"href":"https:\/\/kguillemindesfarges.fr\/index.php\/wp-json\/wp\/v2\/pages\/238\/revisions"}],"predecessor-version":[{"id":250,"href":"https:\/\/kguillemindesfarges.fr\/index.php\/wp-json\/wp\/v2\/pages\/238\/revisions\/250"}],"up":[{"embeddable":true,"href":"https:\/\/kguillemindesfarges.fr\/index.php\/wp-json\/wp\/v2\/pages\/232"}],"wp:attachment":[{"href":"https:\/\/kguillemindesfarges.fr\/index.php\/wp-json\/wp\/v2\/media?parent=238"}],"curies":[{"name":"wp","href":"https:\/\/api.w.org\/{rel}","templated":true}]}}