{"id":328,"date":"2025-09-24T22:58:29","date_gmt":"2025-09-24T20:58:29","guid":{"rendered":"https:\/\/kguillemindesfarges.fr\/?page_id=328"},"modified":"2026-04-03T15:23:54","modified_gmt":"2026-04-03T13:23:54","slug":"devoirs","status":"publish","type":"page","link":"https:\/\/kguillemindesfarges.fr\/index.php\/floirac\/formation-musicale\/2025-2026\/groupe-2-ados-mercredi\/devoirs\/","title":{"rendered":"Devoirs"},"content":{"rendered":"\n<p><\/p>\n\n\n\n<p><strong>mercredi 22 avril<\/strong><\/p>\n\n\n\n<ul class=\"wp-block-list\">\n<li>Cours aux horaires habituels et de 14h30 \u00e0 15h avec Sandrine en chant<\/li>\n\n\n\n<li>C : Baba Yetu <\/li>\n<\/ul>\n\n\n\n<p><strong>mercredi 1er avril<\/strong><\/p>\n\n\n\n<ul class=\"wp-block-list\">\n<li>N : travail individuel fiches 3<\/li>\n\n\n\n<li>R :  fiche IV lignes 1 et 2<\/li>\n\n\n\n<li>C : Baba Yetu ; Samba battucada <\/li>\n\n\n\n<li>O : Pratique 5 ; <\/li>\n<\/ul>\n\n\n\n<p><strong>mercredi 25 mars<\/strong><\/p>\n\n\n\n<ul class=\"wp-block-list\">\n<li>N : travail individuel fiches 3<\/li>\n\n\n\n<li>R : fiche III ligne 4 ; fiche IV ligne 1<\/li>\n\n\n\n<li>C : Baba Yetu ; Samba battucada <\/li>\n\n\n\n<li>O : Pratique 5<\/li>\n<\/ul>\n\n\n\n<p><strong>mercredi 18 mars<\/strong><\/p>\n\n\n\n<ul class=\"wp-block-list\">\n<li>N : travail individuel fiches 3<\/li>\n\n\n\n<li>R : fiche III lignes 3 et 5 ; exercice 2<\/li>\n\n\n\n<li>C : Baba Yetu ; Samba battucada (sc\u00e8ne ouverte du 23\/03 ?)<\/li>\n\n\n\n<li>O : Pratique 5<\/li>\n<\/ul>\n\n\n\n<p><strong>mercredi 11 mars<\/strong><\/p>\n\n\n\n<ul class=\"wp-block-list\">\n<li>N : travail individuel fiches 3<\/li>\n\n\n\n<li>R : fiche III lignes 1 et 2 ; exercice 2<\/li>\n\n\n\n<li>C : Baba Yetu ; Samba battucada<\/li>\n\n\n\n<li>O : Air miles<\/li>\n<\/ul>\n\n\n\n<p><strong>mercredi 04 mars<\/strong><\/p>\n\n\n\n<p><\/p>\n\n\n\n<ul class=\"wp-block-list\">\n<li>N : travail individuel fiches 3<\/li>\n\n\n\n<li>R : fiche III<\/li>\n\n\n\n<li>C : Baba Yetu ; Samba battucada<\/li>\n<\/ul>\n\n\n\n<p><\/p>\n\n\n\n<p><strong>Rentr\u00e9e de f\u00e9vrier :<\/strong><\/p>\n\n\n\n<p>C : Baba Yetu (voir section fichiers)<\/p>\n\n\n\n<p><strong>mercredi 04 f\u00e9vrier<\/strong><\/p>\n\n\n\n<ul class=\"wp-block-list\">\n<li>N : travail individuel fiches 3<\/li>\n\n\n\n<li>R :  ; fiche ternaire 2<\/li>\n\n\n\n<li>O : Pratique instrumentale Air miles<\/li>\n\n\n\n<li>C : Samba battucada<\/li>\n\n\n\n<li>T : lire les fiches<\/li>\n<\/ul>\n\n\n\n<p><strong>mercredi 28 janvier<\/strong><\/p>\n\n\n\n<ul class=\"wp-block-list\">\n<li>N : travail individuel<\/li>\n\n\n\n<li>R : ex A 4\u00e8me ligne ; fiche ternaire 1<\/li>\n\n\n\n<li>O : Pratique instrumentale Air miles<\/li>\n\n\n\n<li>C : Samba battucada<\/li>\n\n\n\n<li>T : lire les fiches<\/li>\n<\/ul>\n\n\n\n<p><strong>mercredi 21 janvier<\/strong><\/p>\n\n\n\n<ul class=\"wp-block-list\">\n<li>N : travail individuel<\/li>\n\n\n\n<li>R : fiche II n\u00b02 et 3 ; fiches ternaires de r\u00e9vision 2 et 3<\/li>\n\n\n\n<li>O : Pratique instrumentale Air miles<\/li>\n\n\n\n<li>C : Samba battucada<\/li>\n<\/ul>\n\n\n\n<p><strong>mercredi 14 janvier<\/strong><\/p>\n\n\n\n<ul class=\"wp-block-list\">\n<li>N : travail individuel<\/li>\n\n\n\n<li>R : fiche II n\u00b02 et 3 ; fiche ternaire 1<\/li>\n\n\n\n<li>O : Pratique instrumentale Air miles<\/li>\n\n\n\n<li>C : Samba battucada<\/li>\n<\/ul>\n\n\n\n<p><strong>mercredi 17 d\u00e9cembre<\/strong><\/p>\n\n\n\n<ul class=\"wp-block-list\">\n<li><\/li>\n<\/ul>\n\n\n\n<ul class=\"wp-block-list\">\n<li>N : travail individuel<\/li>\n\n\n\n<li>R : fiche II ; fiche ternaire 1<\/li>\n\n\n\n<li>O : Pratique instrumentale Air miles<\/li>\n\n\n\n<li>C : Samba battucada<\/li>\n<\/ul>\n\n\n\n<p><strong>mercredi 10 d\u00e9cembre<\/strong><\/p>\n\n\n\n<ul class=\"wp-block-list\">\n<li>N :  travail individuel <\/li>\n\n\n\n<li>R : fiche I exercice 3 ; fiche ternaire 1<\/li>\n\n\n\n<li>O : Pratique instrumentale Air miles<\/li>\n\n\n\n<li>C : Samba battucada<\/li>\n<\/ul>\n\n\n\n<p><strong>PROJET CHANT TELETHON DU SAMEDI 6 DECEMBRE M270<\/strong><\/p>\n\n\n\n<p><strong>mercredi 15 octobre<\/strong><\/p>\n\n\n\n<ul class=\"wp-block-list\">\n<li>N : fiches de r\u00e9vision Notes et Rythmes niveau 3 ; fiches 3 travail individuel en sol et fa<\/li>\n\n\n\n<li>R : exercice 1 et fiches de r\u00e9vision binaire niveau 3<\/li>\n\n\n\n<li>R et N : exercice A<\/li>\n\n\n\n<li>C : Mistral gagnant et la Seine<\/li>\n<\/ul>\n\n\n\n<p><strong>mercredi 08 octobre<\/strong><\/p>\n\n\n\n<ul class=\"wp-block-list\">\n<li>N : fiches de r\u00e9vision Notes et Rythmes niveaux 2 et 3 ; fiches 3 travail individuel en sol et fa<\/li>\n\n\n\n<li>R : exercice 1 et fiches de r\u00e9vision binaire niveaux 2 et 3<\/li>\n\n\n\n<li>R et N : exercice A<\/li>\n\n\n\n<li>C : Mistral gagnant et la Seine<\/li>\n<\/ul>\n\n\n\n<p><strong>mercredi 01 octobre<\/strong><\/p>\n\n\n\n<ul class=\"wp-block-list\">\n<li>ordre des notes en montant et en descendant pour Louis<\/li>\n\n\n\n<li>N : fiches de r\u00e9vision Notes et Rythmes niveaux 1, 2 et 3 ; fiches 3 ligne 1<\/li>\n\n\n\n<li>R : exercice 1 et fiches de r\u00e9vision binaire niveaux 1, 2 et 3<\/li>\n\n\n\n<li>R et N : exercice A<\/li>\n<\/ul>\n\n\n\n<p><strong>mercredi 24 septembre<\/strong><\/p>\n\n\n\n<ul class=\"wp-block-list\">\n<li>Fournitures et mail et ordre des notes en montant et en descendant pour Louis<\/li>\n\n\n\n<li>N : fiches de r\u00e9vision Notes et Rythmes niveaux 1, 2 et 3 <\/li>\n\n\n\n<li>R : exercice 1 <\/li>\n<\/ul>\n","protected":false},"excerpt":{"rendered":"<p>mercredi 22 avril mercredi 1er avril mercredi 25 mars mercredi 18 mars mercredi 11 mars mercredi 04 mars Rentr\u00e9e de f\u00e9vrier : C : Baba Yetu (voir section fichiers) mercredi 04 f\u00e9vrier mercredi 28 janvier mercredi 21 janvier mercredi 14 &hellip; <a href=\"https:\/\/kguillemindesfarges.fr\/index.php\/floirac\/formation-musicale\/2025-2026\/groupe-2-ados-mercredi\/devoirs\/\">Continuer la lecture <span class=\"meta-nav\">&rarr;<\/span><\/a><\/p>\n","protected":false},"author":1,"featured_media":0,"parent":324,"menu_order":-2,"comment_status":"closed","ping_status":"closed","template":"","meta":{"footnotes":""},"class_list":["post-328","page","type-page","status-publish","hentry"],"_links":{"self":[{"href":"https:\/\/kguillemindesfarges.fr\/index.php\/wp-json\/wp\/v2\/pages\/328","targetHints":{"allow":["GET"]}}],"collection":[{"href":"https:\/\/kguillemindesfarges.fr\/index.php\/wp-json\/wp\/v2\/pages"}],"about":[{"href":"https:\/\/kguillemindesfarges.fr\/index.php\/wp-json\/wp\/v2\/types\/page"}],"author":[{"embeddable":true,"href":"https:\/\/kguillemindesfarges.fr\/index.php\/wp-json\/wp\/v2\/users\/1"}],"replies":[{"embeddable":true,"href":"https:\/\/kguillemindesfarges.fr\/index.php\/wp-json\/wp\/v2\/comments?post=328"}],"version-history":[{"count":20,"href":"https:\/\/kguillemindesfarges.fr\/index.php\/wp-json\/wp\/v2\/pages\/328\/revisions"}],"predecessor-version":[{"id":411,"href":"https:\/\/kguillemindesfarges.fr\/index.php\/wp-json\/wp\/v2\/pages\/328\/revisions\/411"}],"up":[{"embeddable":true,"href":"https:\/\/kguillemindesfarges.fr\/index.php\/wp-json\/wp\/v2\/pages\/324"}],"wp:attachment":[{"href":"https:\/\/kguillemindesfarges.fr\/index.php\/wp-json\/wp\/v2\/media?parent=328"}],"curies":[{"name":"wp","href":"https:\/\/api.w.org\/{rel}","templated":true}]}}